{"id":966,"date":"2026-03-24T15:44:30","date_gmt":"2026-03-24T14:44:30","guid":{"rendered":"https:\/\/weissbrich.idconc.de\/?page_id=966"},"modified":"2026-05-01T19:55:50","modified_gmt":"2026-05-01T17:55:50","slug":"kontakt","status":"publish","type":"page","link":"https:\/\/weissbrich-finance.com\/en\/kontakt\/","title":{"rendered":"Kontakt"},"content":{"rendered":"<h1>Du hast eine Frage? Schreib mir.<\/h1>\n<div>Egal ob konkretes Anliegen, erstes Kennenlernen oder einfach nur Neugier \u2013 ich melde mich pers\u00f6nlich und zeitnah bei dir zur\u00fcck.<\/div>\n<h1><a href=\"tel:tel:004917612221110\">+49 (0)176 1222 1110<\/a><em><br \/><\/em><\/h1>\n<h1><a href=\"mailto:alex@weissbrich-finance.com\">alex@weissbrich-finance.com<\/a><\/h1>\n<p><img decoding=\"async\" src=\"\/wp-content\/uploads\/2026\/03\/portrait.jpg\" alt=\"\"><br \/>\n<img decoding=\"async\" src=\"\/wp-content\/uploads\/2026\/03\/portrait.jpg\" alt=\"\"><\/p>\n<h1>Alexander Wei\u00dfbrich<\/h1>\n<h1><a href=\"tel:+4917612221110\">+49 (0)176 1222 1110<\/a><em><br \/><\/em><\/h1>\n<h1><a href=\"mailto:alex@weissbrich-finance.com<\">alex@weissbrich-finance.com<\/a><\/h1>\n<div>\n<p>    <script src=\"https:\/\/js-na2.hsforms.net\/forms\/embed\/245977563.js\" defer><\/script><\/p>\n<div class=\"hs-form-frame\" data-region=\"na2\" data-form-id=\"ba3928d9-a652-4ece-a9e7-e21e933c8080\" data-portal-id=\"245977563\"><\/div>\n<\/div>\n<p><!--more--><br \/>\n<!-- {\"type\":\"layout\",\"children\":[{\"type\":\"section\",\"props\":{\"height\":\"viewport\",\"height_viewport\":50,\"image_position\":\"center-center\",\"style\":\"secondary\",\"title_breakpoint\":\"xl\",\"title_position\":\"top-left\",\"title_rotation\":\"left\",\"vertical_align\":\"middle\",\"width\":\"xlarge\"},\"children\":[{\"type\":\"row\",\"children\":[{\"type\":\"column\",\"props\":{\"image_position\":\"center-center\",\"position_sticky_breakpoint\":\"m\",\"width_medium\":\"2-3\"},\"children\":[{\"type\":\"headline\",\"props\":{\"content\":\"Du hast eine Frage? Schreib mir.\",\"content_en_us\":\"Do you have a question? Send me a message.\",\"image_align\":\"left\",\"image_margin\":\"xsmall\",\"title_element\":\"h1\",\"title_style\":\"heading-small\"}},{\"type\":\"text\",\"props\":{\"column_breakpoint\":\"m\",\"content\":\"Egal ob konkretes Anliegen, erstes Kennenlernen oder einfach nur Neugier \u2013 ich melde mich pers\u00f6nlich und zeitnah bei dir zur\u00fcck.\",\"content_en_us\":\"Whether you have a specific request, want to get to know me, or are just curious\u2014I\u2019ll get back to you personally and promptly.\",\"margin_bottom\":\"default\",\"margin_top\":\"default\",\"maxwidth\":\"2xlarge\",\"text_style\":\"large\"}}]},{\"type\":\"column\",\"props\":{\"image_position\":\"center-center\",\"position_sticky_breakpoint\":\"m\",\"vertical_align\":\"bottom\",\"width_medium\":\"1-3\"},\"children\":[{\"type\":\"headline\",\"props\":{\"content\":\"<a href=\\\"tel:tel:004917612221110\\\">+49 (0)176 1222 1110<\/a><em><br \/><\/em>\",\"image_align\":\"left\",\"image_margin\":\"xsmall\",\"margin_bottom\":\"small\",\"margin_top\":\"xlarge\",\"text_align\":\"right\",\"text_align_breakpoint\":\"m\",\"text_align_fallback\":\"left\",\"title_element\":\"h1\",\"title_style\":\"h4\"}},{\"type\":\"headline\",\"props\":{\"content\":\"<a href=\\\"mailto:alex@weissbrich-finance.com\\\">alex@weissbrich-finance.com<\/a>\",\"image_align\":\"left\",\"image_margin\":\"xsmall\",\"margin_top\":\"xsmall\",\"text_align\":\"right\",\"text_align_breakpoint\":\"m\",\"text_align_fallback\":\"left\",\"title_element\":\"h1\",\"title_style\":\"h4\"}}]}],\"props\":{\"layout\":\"2-3,1-3\",\"row_gap\":\"large\"}}]},{\"type\":\"section\",\"props\":{\"image_position\":\"center-center\",\"padding_bottom\":\"large\",\"padding_top\":\"large\",\"style\":\"default\",\"title_breakpoint\":\"xl\",\"title_position\":\"top-left\",\"title_rotation\":\"left\",\"vertical_align\":\"middle\",\"width\":\"default\"},\"children\":[{\"type\":\"row\",\"children\":[{\"type\":\"column\",\"props\":{\"image_position\":\"center-center\",\"position_sticky_breakpoint\":\"m\",\"width_medium\":\"1-2\"},\"children\":[{\"type\":\"image\",\"props\":{\"class\":\"uk-visible@m\",\"image\":\"wp-content\/uploads\/2026\/03\/portrait.jpg\",\"image_svg_color\":\"emphasis\",\"margin_bottom\":\"default\",\"margin_top\":\"default\",\"maxwidth\":\"large\"}},{\"type\":\"image\",\"props\":{\"class\":\"uk-hidden@m\",\"image\":\"wp-content\/uploads\/2026\/03\/portrait.jpg\",\"image_focal_point\":\"top-center\",\"image_height\":1000,\"image_svg_color\":\"emphasis\",\"image_width\":1000,\"margin_bottom\":\"default\",\"margin_top\":\"default\",\"maxwidth\":\"large\"}},{\"type\":\"headline\",\"props\":{\"content\":\"Alexander Wei\u00dfbrich\",\"image_align\":\"left\",\"image_margin\":\"xsmall\",\"title_element\":\"h1\",\"title_style\":\"heading-small\"}},{\"type\":\"headline\",\"props\":{\"content\":\"<a href=\\\"tel:+4917612221110\\\">+49 (0)176 1222 1110<\/a><em><br \/><\/em>\",\"image_align\":\"left\",\"image_margin\":\"xsmall\",\"margin_bottom\":\"small\",\"margin_top\":\"default\",\"text_align_breakpoint\":\"m\",\"text_align_fallback\":\"left\",\"title_element\":\"h1\",\"title_style\":\"h4\"}},{\"type\":\"headline\",\"props\":{\"content\":\"<a href=\\\"mailto:alex@weissbrich-finance.com<\\\">alex@weissbrich-finance.com<\/a>\",\"image_align\":\"left\",\"image_margin\":\"xsmall\",\"margin_top\":\"xsmall\",\"text_align_breakpoint\":\"m\",\"text_align_fallback\":\"left\",\"title_element\":\"h1\",\"title_style\":\"h4\"}}]},{\"type\":\"column\",\"props\":{\"image_position\":\"center-center\",\"position_sticky_breakpoint\":\"m\",\"width_medium\":\"1-2\"},\"children\":[{\"type\":\"html\",\"props\":{\"content\":\"<script src=\\\"https:\/\/js-na2.hsforms.net\/forms\/embed\/245977563.js\\\" defer><\/script>\\n\n\n<div class=\\\"hs-form-frame\\\" data-region=\\\"na2\\\" data-form-id=\\\"ba3928d9-a652-4ece-a9e7-e21e933c8080\\\" data-portal-id=\\\"245977563\\\"><\/div>\n\n\"}}]}],\"props\":{\"column_gap\":\"large\",\"divider\":false,\"layout\":\"1-2,1-2\",\"row_gap\":\"large\"}}]},{\"type\":\"section\",\"props\":{\"image_position\":\"center-center\",\"padding_bottom\":\"large\",\"padding_top\":\"large\",\"status\":\"disabled\",\"style\":\"default\",\"title_breakpoint\":\"xl\",\"title_position\":\"top-left\",\"title_rotation\":\"left\",\"vertical_align\":\"middle\",\"width\":\"default\"},\"children\":[{\"type\":\"row\",\"children\":[{\"type\":\"column\",\"props\":{\"image_position\":\"center-center\",\"position_sticky_breakpoint\":\"m\",\"width_medium\":\"1-2\"},\"children\":[{\"type\":\"image\",\"props\":{\"class\":\"uk-visible@m\",\"image\":\"wp-content\/uploads\/2026\/03\/portrait.jpg\",\"image_svg_color\":\"emphasis\",\"margin_bottom\":\"default\",\"margin_top\":\"default\",\"maxwidth\":\"large\"}},{\"type\":\"image\",\"props\":{\"class\":\"uk-hidden@m\",\"image\":\"wp-content\/uploads\/2026\/03\/portrait.jpg\",\"image_focal_point\":\"top-center\",\"image_height\":1000,\"image_svg_color\":\"emphasis\",\"image_width\":1000,\"margin_bottom\":\"default\",\"margin_top\":\"default\",\"maxwidth\":\"large\"}},{\"type\":\"headline\",\"props\":{\"content\":\"Alexander Wei\u00dfbrich\",\"image_align\":\"left\",\"image_margin\":\"xsmall\",\"title_element\":\"h1\",\"title_style\":\"heading-small\"}},{\"type\":\"headline\",\"props\":{\"content\":\"<a href=\\\"tel:+4917612221110\\\">+49 (0)176 1222 1110<\/a><em><br \/><\/em>\",\"image_align\":\"left\",\"image_margin\":\"xsmall\",\"margin_bottom\":\"small\",\"margin_top\":\"default\",\"text_align_breakpoint\":\"m\",\"text_align_fallback\":\"left\",\"title_element\":\"h1\",\"title_style\":\"h4\"}},{\"type\":\"headline\",\"props\":{\"content\":\"<a href=\\\"mailto:alex@weissbrich-finance.com<\\\">alex@weissbrich-finance.com<\/a>\",\"image_align\":\"left\",\"image_margin\":\"xsmall\",\"margin_top\":\"xsmall\",\"text_align_breakpoint\":\"m\",\"text_align_fallback\":\"left\",\"title_element\":\"h1\",\"title_style\":\"h4\"}}]},{\"type\":\"column\",\"props\":{\"image_position\":\"center-center\",\"position_sticky_breakpoint\":\"m\",\"width_medium\":\"1-2\"},\"children\":[{\"type\":\"divider\",\"props\":{\"class\":\"uk-hidden@m\",\"divider_element\":\"hr\"}},{\"type\":\"headline\",\"props\":{\"class\":\"uk-hidden@m\",\"content\":\"Kontaktformular\",\"image_align\":\"left\",\"image_margin\":\"xsmall\",\"margin_bottom\":\"xlarge\",\"title_element\":\"h1\",\"title_style\":\"heading-small\"}},{\"type\":\"yooessentials_form\",\"props\":{\"form_actions\":[{\"type\":\"email\",\"id\":\"42F827\",\"props\":{\"html\":true,\"attachments\":[null],\"submitted_attachments\":[null],\"recipients\":\"alex@weissbrich-finance.com\",\"body\":\"\n\n<h3>{vorname} {nachname} hat eine Anfrage von deiner Webseite geschrieben!\n\n<\/h3>\n\n\\n\n\n<p><strong>Anrede:<\/strong> {anrede}<\/p>\n\n\\n\n\n<p><strong>Vor- \/ Nachname:<\/strong> {vorname} {nachname}<\/p>\n\n\\n\n\n<p><strong>E-Mail:<\/strong> {e-mail}<\/p>\n\n\\n\n\n<p><strong>Telefonnummer:<\/strong> {telefon}<\/p>\n\n\\n\n\n\n\n\\n\n\n<p><strong>Kunde:<\/strong> {kunde}<\/p>\n\n\\n\n\n\n\n\\n\n\n<p><strong>Nachricht:\u00a0<\/strong><\/p>\n\n\\n\n\n<p>{nachricht}<\/p>\n\n\\n\n\n\n\n\\n\n\n<p><strong>Datenschutzerkl\u00e4rung: <\/strong>{datenschutz}\u00a0<\/p>\n\n\\n\n\n\n\n\",\"subject\":\"Kontaktformular\"}},{\"type\":\"redirect\",\"id\":\"013634\",\"props\":{\"redirect\":\"danke\/\"}}],\"form_settings_action_method\":\"POST\",\"form_settings_honeypot_enable\":false,\"form_settings_honeypot_min_seconds\":5,\"form_settings_html5validation\":true,\"form_settings_override_action_url\":false,\"form_settings_reset_after_submit\":true,\"margin_bottom\":\"default\",\"margin_top\":\"default\"},\"children\":[{\"type\":\"row\",\"props\":{\"layout\":\"1-3,1-3,1-3\"},\"children\":[{\"type\":\"column\",\"props\":{\"image_position\":\"center-center\",\"position_sticky_breakpoint\":\"m\",\"width_medium\":\"1-3\"},\"children\":[{\"type\":\"yooessentials_form_select\",\"props\":{\"control_id_inherit\":true,\"control_name\":\"anrede\",\"margin_bottom\":\"default\",\"margin_top\":\"default\"},\"children\":[{\"type\":\"yooessentials_form_option\",\"props\":{\"disabled\":false,\"text_en_us\":\"Mr.\",\"value\":\"Herr\"}},{\"type\":\"yooessentials_form_option\",\"props\":{\"disabled\":false,\"text_en_us\":\"Ms.\",\"value\":\"Frau\"}},{\"type\":\"yooessentials_form_option\",\"props\":{\"disabled\":false,\"text_en_us\":\"Non\",\"value\":\"Divers\"}}]}]},{\"type\":\"column\",\"props\":{\"image_position\":\"center-center\",\"position_sticky_breakpoint\":\"m\",\"width_medium\":\"1-3\"}},{\"type\":\"column\",\"props\":{\"image_position\":\"center-center\",\"position_sticky_breakpoint\":\"m\",\"width_medium\":\"1-3\"}}]},{\"type\":\"row\",\"props\":{\"layout\":\"1-2,1-2\"},\"children\":[{\"type\":\"column\",\"props\":{\"image_position\":\"center-center\",\"position_sticky_breakpoint\":\"m\",\"width_medium\":\"1-2\"},\"children\":[{\"type\":\"yooessentials_form_input\",\"props\":{\"control_icon_align\":\"left\",\"grid_column_gap\":\"small\",\"grid_columns_number\":\"auto\",\"grid_row_gap\":\"small\",\"margin_bottom\":\"default\",\"margin_top\":\"default\",\"show_icon\":true,\"show_label\":true},\"children\":[{\"type\":\"yooessentials_form_input_text\",\"props\":{\"control_id_inherit\":true,\"control_label\":\"Vorname\",\"control_label_en_us\":\"First name\",\"control_name\":\"vorname\",\"control_required\":true}}]}]},{\"type\":\"column\",\"props\":{\"image_position\":\"center-center\",\"position_sticky_breakpoint\":\"m\",\"width_medium\":\"1-2\"},\"children\":[{\"type\":\"yooessentials_form_input\",\"props\":{\"control_icon_align\":\"left\",\"grid_column_gap\":\"small\",\"grid_columns_number\":\"auto\",\"grid_row_gap\":\"small\",\"margin_bottom\":\"default\",\"margin_top\":\"default\",\"show_icon\":true,\"show_label\":true},\"children\":[{\"type\":\"yooessentials_form_input_text\",\"props\":{\"control_id_inherit\":true,\"control_label\":\"Nachname\",\"control_label_en_us\":\"Last name\",\"control_name\":\"nachname\",\"control_required\":true}}]}]}]},{\"type\":\"row\",\"children\":[{\"type\":\"column\",\"props\":{\"image_position\":\"center-center\",\"position_sticky_breakpoint\":\"m\"},\"children\":[{\"type\":\"yooessentials_form_input\",\"props\":{\"control_icon_align\":\"left\",\"grid_column_gap\":\"small\",\"grid_columns_number\":\"auto\",\"grid_row_gap\":\"small\",\"margin_bottom\":\"default\",\"margin_top\":\"default\",\"show_icon\":true,\"show_label\":true},\"children\":[{\"type\":\"yooessentials_form_input_email\",\"props\":{\"control_id_inherit\":true,\"control_label\":\"E-Mail\",\"control_name\":\"e-mail\",\"control_required\":true}}]}]}]},{\"type\":\"row\",\"children\":[{\"type\":\"column\",\"props\":{\"image_position\":\"center-center\",\"position_sticky_breakpoint\":\"m\"},\"children\":[{\"type\":\"yooessentials_form_input\",\"props\":{\"control_icon_align\":\"left\",\"grid_column_gap\":\"small\",\"grid_columns_number\":\"auto\",\"grid_row_gap\":\"small\",\"margin_bottom\":\"default\",\"margin_top\":\"default\",\"show_icon\":true,\"show_label\":true},\"children\":[{\"type\":\"yooessentials_form_input_number\",\"props\":{\"control_id_inherit\":true,\"control_label\":\"Telefon (optional)\",\"control_label_en_us\":\"Phone (optional)\",\"control_name\":\"telefon\"}}]}]}]},{\"type\":\"row\",\"children\":[{\"type\":\"column\",\"props\":{\"image_position\":\"center-center\",\"position_sticky_breakpoint\":\"m\"},\"children\":[{\"type\":\"yooessentials_form_select\",\"props\":{\"control_id_inherit\":true,\"control_label\":\"Ich bin\",\"control_label_en_us\":\"I am\",\"control_name\":\"kunde\",\"margin_bottom\":\"default\",\"margin_top\":\"default\"},\"children\":[{\"type\":\"yooessentials_form_option\",\"props\":{\"disabled\":false,\"text_en_us\":\"Private client\",\"value\":\"Privatkunde\"}},{\"type\":\"yooessentials_form_option\",\"props\":{\"disabled\":false,\"text_en_us\":\"Business client\\n\",\"value\":\"Gesch\u00e4ftskunde\"}},{\"type\":\"yooessentials_form_option\",\"props\":{\"disabled\":false,\"text_en_us\":\"Other\",\"value\":\"Sonstiges\"}}]}]}]},{\"type\":\"row\",\"children\":[{\"type\":\"column\",\"props\":{\"image_position\":\"center-center\",\"position_sticky_breakpoint\":\"m\"},\"children\":[{\"type\":\"yooessentials_form_textarea\",\"props\":{\"control_id_inherit\":true,\"control_label\":\"Nachricht\",\"control_label_en_us\":\"Message\",\"control_maxlength\":500,\"control_name\":\"nachricht\",\"margin_bottom\":\"default\",\"margin_top\":\"default\"}}]}]},{\"type\":\"row\",\"children\":[{\"type\":\"column\",\"props\":{\"image_position\":\"center-center\",\"position_sticky_breakpoint\":\"m\"},\"children\":[{\"type\":\"yooessentials_form_checkbox\",\"props\":{\"control_id_inherit\":true,\"control_label\":\"Datenschutzerkl\u00e4rung\",\"control_label_en_us\":\"Privacy policy\",\"control_layout\":\"vertical\",\"control_min\":\"1\",\"control_name\":\"datenschutz\",\"control_required\":true,\"margin_bottom\":\"default\",\"margin_top\":\"default\"},\"children\":[{\"type\":\"yooessentials_form_option\",\"props\":{\"disabled\":false,\"text_en_us\":\"I have read the <a href=\\\"\/datenschutz\\\">privacy policy<\/a> and agree to the processing of my personal data in accordance with it.\",\"value\":\"Ich habe die <a href=\\\"\/datenschutz\\\">Datenschutzerkl\u00e4rung<\/a> gelesen und erkl\u00e4re mich mit der Verarbeitung meiner personenbezogenen Daten gem\u00e4\u00df dieser Erkl\u00e4rung einverstanden.\"}}]}]}]},{\"type\":\"row\",\"children\":[{\"type\":\"column\",\"props\":{\"image_position\":\"center-center\",\"position_sticky_breakpoint\":\"m\"},\"children\":[{\"type\":\"yooessentials_form_button\",\"props\":{\"grid_column_gap\":\"small\",\"grid_row_gap\":\"small\",\"text_align\":\"right\"},\"children\":[{\"type\":\"yooessentials_form_button_submit\",\"props\":{\"button_style\":\"default\",\"content\":\"Abschicken\",\"icon_align\":\"left\"}}]}]}]}],\"formid\":\"B97C5F05\"},{\"type\":\"html\",\"props\":{\"content\":\"<script src=\\\"https:\/\/js-na2.hsforms.net\/forms\/embed\/245977563.js\\\" defer><\/script>\\n\n\n<div class=\\\"hs-form-frame\\\" data-region=\\\"na2\\\" data-form-id=\\\"932dba74-2a42-4437-b8b0-29fc598e5411\\\" data-portal-id=\\\"245977563\\\"><\/div>\n\n\"}}]}],\"props\":{\"column_gap\":\"large\",\"divider\":false,\"layout\":\"1-2,1-2\",\"row_gap\":\"large\"}}]}],\"version\":\"5.0.29\"} --><\/p>\n","protected":false},"excerpt":{"rendered":"<p>Du hast eine Frage? Schreib mir. Egal ob konkretes Anliegen, erstes Kennenlernen oder einfach nur Neugier \u2013 ich melde mich pers\u00f6nlich und zeitnah bei dir zur\u00fcck. +49 (0)176 1222 1110 alex@weissbrich-finance.com Alexander Wei\u00dfbrich +49 (0)176 1222 1110 alex@weissbrich-finance.com<\/p>\n","protected":false},"author":1,"featured_media":0,"parent":0,"menu_order":0,"comment_status":"closed","ping_status":"closed","template":"","meta":{"footnotes":""},"class_list":["post-966","page","type-page","status-publish","hentry"],"_links":{"self":[{"href":"https:\/\/weissbrich-finance.com\/en\/wp-json\/wp\/v2\/pages\/966","targetHints":{"allow":["GET"]}}],"collection":[{"href":"https:\/\/weissbrich-finance.com\/en\/wp-json\/wp\/v2\/pages"}],"about":[{"href":"https:\/\/weissbrich-finance.com\/en\/wp-json\/wp\/v2\/types\/page"}],"author":[{"embeddable":true,"href":"https:\/\/weissbrich-finance.com\/en\/wp-json\/wp\/v2\/users\/1"}],"replies":[{"embeddable":true,"href":"https:\/\/weissbrich-finance.com\/en\/wp-json\/wp\/v2\/comments?post=966"}],"version-history":[{"count":10,"href":"https:\/\/weissbrich-finance.com\/en\/wp-json\/wp\/v2\/pages\/966\/revisions"}],"predecessor-version":[{"id":1580,"href":"https:\/\/weissbrich-finance.com\/en\/wp-json\/wp\/v2\/pages\/966\/revisions\/1580"}],"wp:attachment":[{"href":"https:\/\/weissbrich-finance.com\/en\/wp-json\/wp\/v2\/media?parent=966"}],"curies":[{"name":"wp","href":"https:\/\/api.w.org\/{rel}","templated":true}]}}