{"id":28,"date":"2026-03-20T10:55:33","date_gmt":"2026-03-20T09:55:33","guid":{"rendered":"https:\/\/weissbrich.idconc.de\/?page_id=28"},"modified":"2026-05-06T06:46:43","modified_gmt":"2026-05-06T04:46:43","slug":"blog","status":"publish","type":"page","link":"https:\/\/weissbrich-finance.com\/en\/blog\/","title":{"rendered":"Blog"},"content":{"rendered":"<h1>\n<p>Blog<\/p>\n<\/h1>\n<h3>\n<p class=\"font-claude-response-body break-words whitespace-normal leading-[1.7]\">Einblicke aus der Beratung und Pers\u00f6nliches<\/p>\n<\/h3>\n<div>\n<p>Ich ver\u00f6ffentliche hier f\u00fcr dich, der nicht das n\u00e4chste Produkt sucht, sondern die richtige Entscheidung. Ehrlich, eingeordnet, ohne Marketing-Glanz. Dabei schreibe ich fachliche Analysen zu den Bereichen Investment und Versicherungen, Beratungsbeispiele sowie Einblicke in pers\u00f6nliche Entwicklungen. Wenn dabei etwas h\u00e4ngenbleibt, das dir im echten Leben hilft oder als Grundlage f\u00fcr unser n\u00e4chstes pers\u00f6nliches Gespr\u00e4ch dient: genau daf\u00fcr ist dieser Blog gemacht.<\/p>\n<\/div>\n<div>\n<\/div>\n<p><!--more--><br \/>\n<!-- {\"type\":\"layout\",\"children\":[{\"type\":\"section\",\"props\":{\"height\":\"viewport\",\"height_viewport\":40,\"image_position\":\"center-center\",\"style\":\"secondary\",\"title_breakpoint\":\"xl\",\"title_position\":\"top-left\",\"title_rotation\":\"left\",\"vertical_align\":\"middle\",\"width\":\"xlarge\"},\"children\":[{\"type\":\"row\",\"children\":[{\"type\":\"column\",\"props\":{\"image_position\":\"center-center\",\"position_sticky_breakpoint\":\"m\"},\"children\":[{\"type\":\"headline\",\"props\":{\"content\":\"\n\n<p>Blog<\/p>\n\n\",\"image_align\":\"left\",\"image_margin\":\"xsmall\",\"title_element\":\"h1\",\"title_style\":\"heading-small\"}},{\"type\":\"headline\",\"props\":{\"content\":\"\n\n<p class=\\\"font-claude-response-body break-words whitespace-normal leading-[1.7]\\\">Einblicke aus der Beratung und Pers\u00f6nliches<\/p>\n\n\",\"image_align\":\"left\",\"image_margin\":\"xsmall\",\"title_element\":\"h3\"}},{\"type\":\"text\",\"props\":{\"column_breakpoint\":\"m\",\"content\":\"\n\n<p>Ich ver\u00f6ffentliche hier f\u00fcr dich, der nicht das n\u00e4chste Produkt sucht, sondern die richtige Entscheidung. Ehrlich, eingeordnet, ohne Marketing-Glanz. Dabei schreibe ich fachliche Analysen zu den Bereichen Investment und Versicherungen, Beratungsbeispiele sowie Einblicke in pers\u00f6nliche Entwicklungen. Wenn dabei etwas h\u00e4ngenbleibt, das dir im echten Leben hilft oder als Grundlage f\u00fcr unser n\u00e4chstes pers\u00f6nliches Gespr\u00e4ch dient: genau daf\u00fcr ist dieser Blog gemacht.<\/p>\n\n\",\"margin_bottom\":\"xlarge\",\"margin_top\":\"\"}}]}]}]},{\"type\":\"section\",\"props\":{\"image_position\":\"center-center\",\"padding_bottom\":\"xlarge\",\"style\":\"default\",\"title_breakpoint\":\"xl\",\"title_position\":\"top-left\",\"title_rotation\":\"left\",\"vertical_align\":\"middle\",\"width\":\"default\"},\"children\":[{\"type\":\"row\",\"children\":[{\"type\":\"column\",\"props\":{\"image_position\":\"center-center\",\"position_sticky_breakpoint\":\"m\"},\"children\":[{\"type\":\"grid\",\"props\":{\"content_align\":false,\"content_column_breakpoint\":\"m\",\"content_dropcap\":false,\"css\":\"h2 {  color: #083545;\\n}\",\"filter\":true,\"filter_align\":\"center\",\"filter_all\":true,\"filter_all_label\":\"Alle\",\"filter_animation\":\"false\",\"filter_grid_breakpoint\":\"m\",\"filter_grid_width\":\"auto\",\"filter_position\":\"top\",\"filter_reverse\":false,\"filter_style\":\"tab\",\"filter_wrap\":true,\"grid_column_align\":false,\"grid_default\":\"1\",\"grid_divider\":true,\"grid_large\":\"2\",\"grid_medium\":\"2\",\"grid_parallax_justify\":false,\"grid_row_align\":false,\"grid_small\":\"1\",\"grid_xlarge\":\"2\",\"image_align\":\"top\",\"image_expand\":false,\"image_grid_breakpoint\":\"m\",\"image_grid_width\":\"1-2\",\"image_link\":true,\"image_svg_color\":\"emphasis\",\"image_transition\":\"scale-up\",\"image_transition_border\":false,\"item_animation\":true,\"lightbox_bg_close\":true,\"link_style\":\"default\",\"link_text\":\"Read more\",\"margin_bottom\":\"default\",\"margin_top\":\"default\",\"meta_align\":\"above-title\",\"meta_color\":\"primary\",\"meta_element\":\"div\",\"meta_margin\":\"xsmall\",\"meta_style\":\"\",\"panel_padding\":\"default\",\"show_content\":true,\"show_hover_image\":true,\"show_hover_video\":false,\"show_image\":true,\"show_link\":true,\"show_meta\":true,\"show_title\":true,\"show_video\":false,\"title_align\":\"top\",\"title_element\":\"h2\",\"title_grid_breakpoint\":\"m\",\"title_grid_width\":\"1-2\",\"title_hover_style\":\"heading\",\"title_link\":true,\"title_margin\":\"remove\",\"title_style\":\"h3\",\"yooessentials_access_conditions\":[],\"yooessentials_access_mode\":\"AND\"},\"name\":\"blog\",\"children\":[{\"type\":\"grid_item\",\"props\":{\"link_style\":\"danger\",\"link_text\":\"Mehr erfahren\",\"title_en_us\":\"Read more\",\"yooessentials_access_conditions\":[],\"yooessentials_access_mode\":\"AND\"},\"source\":{\"props\":{\"title\":{\"query\":{\"name\":\"#node\"},\"name\":\"title\"},\"link\":{\"query\":{\"name\":\"#node\"},\"name\":\"link\"},\"image\":{\"query\":{\"name\":\"#node\"},\"name\":\"featuredImage.url\"},\"content\":{\"query\":{\"name\":\"#node\"},\"name\":\"excerpt\",\"filters\":{\"preserve\":false}},\"meta\":{\"query\":{\"name\":\"#node\"},\"name\":\"metaString\",\"arguments\":{\"show_publish_date\":true,\"format\":\"list\",\"show_taxonomy\":\"post_format\",\"link_style\":\"\",\"show_author\":false},\"filters\":{\"cast\":\"\"}}},\"query\":{\"name\":\"posts.customPosts\",\"arguments\":{}}}}],\"source\":{\"query\":{\"name\":\"posts.customPosts\",\"arguments\":{\"date_column\":\"\",\"date_range\":\"relative\",\"order\":\"date\",\"order_direction\":\"DESC\",\"order_alphanum\":false,\"order_reverse\":false}}}}]}]}]}],\"version\":\"5.0.30\"} --><\/p>\n","protected":false},"excerpt":{"rendered":"<p>Blog Einblicke aus der Beratung und Pers\u00f6nliches Ich ver\u00f6ffentliche hier f\u00fcr dich, der nicht das n\u00e4chste Produkt sucht, sondern die richtige Entscheidung. Ehrlich, eingeordnet, ohne Marketing-Glanz. Dabei schreibe ich fachliche Analysen zu den Bereichen Investment und Versicherungen, Beratungsbeispiele sowie Einblicke in pers\u00f6nliche Entwicklungen. Wenn dabei etwas h\u00e4ngenbleibt, das dir im echten Leben hilft oder als [&hellip;]<\/p>\n","protected":false},"author":1,"featured_media":0,"parent":0,"menu_order":0,"comment_status":"closed","ping_status":"closed","template":"","meta":{"footnotes":""},"class_list":["post-28","page","type-page","status-publish","hentry"],"_links":{"self":[{"href":"https:\/\/weissbrich-finance.com\/en\/wp-json\/wp\/v2\/pages\/28","targetHints":{"allow":["GET"]}}],"collection":[{"href":"https:\/\/weissbrich-finance.com\/en\/wp-json\/wp\/v2\/pages"}],"about":[{"href":"https:\/\/weissbrich-finance.com\/en\/wp-json\/wp\/v2\/types\/page"}],"author":[{"embeddable":true,"href":"https:\/\/weissbrich-finance.com\/en\/wp-json\/wp\/v2\/users\/1"}],"replies":[{"embeddable":true,"href":"https:\/\/weissbrich-finance.com\/en\/wp-json\/wp\/v2\/comments?post=28"}],"version-history":[{"count":10,"href":"https:\/\/weissbrich-finance.com\/en\/wp-json\/wp\/v2\/pages\/28\/revisions"}],"predecessor-version":[{"id":1766,"href":"https:\/\/weissbrich-finance.com\/en\/wp-json\/wp\/v2\/pages\/28\/revisions\/1766"}],"wp:attachment":[{"href":"https:\/\/weissbrich-finance.com\/en\/wp-json\/wp\/v2\/media?parent=28"}],"curies":[{"name":"wp","href":"https:\/\/api.w.org\/{rel}","templated":true}]}}